{"id":2599,"date":"2025-04-13T18:10:33","date_gmt":"2025-04-13T18:10:33","guid":{"rendered":"https:\/\/majordomeauto.fr\/?page_id=2599"},"modified":"2025-04-19T11:53:57","modified_gmt":"2025-04-19T11:53:57","slug":"politique-de-confidentialite","status":"publish","type":"page","link":"https:\/\/majordomeauto.fr\/?page_id=2599","title":{"rendered":"Politique de confidentialit\u00e9"},"content":{"rendered":"<p># Politique de confidentialit\u00e9<\/p>\n<p>## 1. Introduction<\/p>\n<p>Le respect de votre vie priv\u00e9e est une priorit\u00e9 pour nous. Cette politique de confidentialit\u00e9 a pour but de vous informer de mani\u00e8re claire et transparente sur la mani\u00e8re dont nous collectons, utilisons et prot\u00e9geons vos donn\u00e9es personnelles.<\/p>\n<p>## 2. Responsable du traitement<\/p>\n<p>Le responsable du traitement des donn\u00e9es personnelles est :<br \/>\n**[Ton nom ou ta soci\u00e9t\u00e9]**<br \/>\n**[Ton adresse]**<br \/>\n**[Ton email de contact]**<\/p>\n<p>## 3. Donn\u00e9es personnelles collect\u00e9es<\/p>\n<p>Sur ce site, nous pouvons collecter les donn\u00e9es suivantes :<br \/>\n&#8211; Adresse IP (\u00e0 des fins d&rsquo;analyse d&rsquo;audience)<br \/>\n&#8211; Donn\u00e9es de navigation (pages consult\u00e9es, temps pass\u00e9 sur le site)<\/p>\n<p>Aucune autre donn\u00e9e personnelle n&rsquo;est collect\u00e9e sans votre consentement explicite.<\/p>\n<p>## 4. Finalit\u00e9s de la collecte<\/p>\n<p>Les donn\u00e9es collect\u00e9es sont utilis\u00e9es pour :<br \/>\n&#8211; Am\u00e9liorer le fonctionnement et les performances du site<br \/>\n&#8211; Analyser la fr\u00e9quentation et l&rsquo;audience du site (via Google Analytics)<\/p>\n<p>## 5. Cookies<\/p>\n<p>Nous utilisons des cookies pour collecter certaines donn\u00e9es.<br \/>\nUn bandeau vous permet d&rsquo;accepter ou de refuser ces cookies lors de votre premi\u00e8re visite.<br \/>\nPour plus d&rsquo;informations, veuillez consulter notre page [Gestion des cookies](\/gestion-des-cookies).<\/p>\n<p>## 6. Partage des donn\u00e9es<\/p>\n<p>Nous ne partageons vos donn\u00e9es avec aucun tiers, except\u00e9 notre prestataire d&rsquo;analyse d&rsquo;audience (Google Analytics) dans les conditions pr\u00e9cis\u00e9es.<\/p>\n<p>Les donn\u00e9es sont trait\u00e9es de mani\u00e8re anonyme lorsque cela est possible (par exemple, l&rsquo;anonymisation des adresses IP sous Google Analytics).<\/p>\n<p>## 7. Dur\u00e9e de conservation des donn\u00e9es<\/p>\n<p>Vos donn\u00e9es personnelles sont conserv\u00e9es pour une dur\u00e9e maximale de 13 mois.<\/p>\n<p>## 8. Vos droits<\/p>\n<p>Conform\u00e9ment au R\u00e8glement G\u00e9n\u00e9ral sur la Protection des Donn\u00e9es (RGPD), vous disposez des droits suivants :<br \/>\n&#8211; Droit d&rsquo;acc\u00e8s<br \/>\n&#8211; Droit de rectification<br \/>\n&#8211; Droit d&rsquo;effacement (\u00ab\u00a0droit \u00e0 l&rsquo;oubli\u00a0\u00bb)<br \/>\n&#8211; Droit d&rsquo;opposition au traitement de vos donn\u00e9es<br \/>\n&#8211; Droit \u00e0 la portabilit\u00e9 des donn\u00e9es<\/p>\n<p>Pour exercer vos droits, vous pouvez nous contacter \u00e0 l&rsquo;adresse suivante :<br \/>\n**[Ton email de contact]**<\/p>\n<p>Une r\u00e9ponse vous sera apport\u00e9e dans un d\u00e9lai maximum d&rsquo;un mois.<\/p>\n<p>## 9. S\u00e9curit\u00e9 des donn\u00e9es<\/p>\n<p>Nous mettons en \u0153uvre toutes les mesures de s\u00e9curit\u00e9 appropri\u00e9es pour prot\u00e9ger vos donn\u00e9es contre la perte, l&rsquo;alt\u00e9ration, la divulgation ou l&rsquo;acc\u00e8s non autoris\u00e9.<\/p>\n<p>## 10. Modifications<\/p>\n<p>Cette politique de confidentialit\u00e9 peut \u00eatre modifi\u00e9e \u00e0 tout moment.<br \/>\nNous vous invitons \u00e0 la consulter r\u00e9guli\u00e8rement.<\/p>\n<p>&#8212;<\/p>\n<p>**Derni\u00e8re mise \u00e0 jour : Avril 2025**<\/p>\n","protected":false},"excerpt":{"rendered":"<p># Politique de confidentialit\u00e9 ## 1. Introduction Le respect de votre vie priv\u00e9e est une priorit\u00e9 pour nous. Cette politique de confidentialit\u00e9 a pour but de vous informer de mani\u00e8re claire et transparente sur la mani\u00e8re dont nous collectons, utilisons et prot\u00e9geons vos donn\u00e9es personnelles. ## 2. Responsable du traitement Le responsable du traitement des [&hellip;]<\/p>\n","protected":false},"author":1,"featured_media":0,"parent":2123,"menu_order":0,"comment_status":"closed","ping_status":"closed","template":"politique-de-confidentialite.php","meta":{"_acf_changed":false,"footnotes":""},"class_list":["post-2599","page","type-page","status-publish","hentry"],"acf":[],"aioseo_notices":[],"_links":{"self":[{"href":"https:\/\/majordomeauto.fr\/index.php?rest_route=\/wp\/v2\/pages\/2599","targetHints":{"allow":["GET"]}}],"collection":[{"href":"https:\/\/majordomeauto.fr\/index.php?rest_route=\/wp\/v2\/pages"}],"about":[{"href":"https:\/\/majordomeauto.fr\/index.php?rest_route=\/wp\/v2\/types\/page"}],"author":[{"embeddable":true,"href":"https:\/\/majordomeauto.fr\/index.php?rest_route=\/wp\/v2\/users\/1"}],"replies":[{"embeddable":true,"href":"https:\/\/majordomeauto.fr\/index.php?rest_route=%2Fwp%2Fv2%2Fcomments&post=2599"}],"version-history":[{"count":4,"href":"https:\/\/majordomeauto.fr\/index.php?rest_route=\/wp\/v2\/pages\/2599\/revisions"}],"predecessor-version":[{"id":2697,"href":"https:\/\/majordomeauto.fr\/index.php?rest_route=\/wp\/v2\/pages\/2599\/revisions\/2697"}],"up":[{"embeddable":true,"href":"https:\/\/majordomeauto.fr\/index.php?rest_route=\/wp\/v2\/pages\/2123"}],"wp:attachment":[{"href":"https:\/\/majordomeauto.fr\/index.php?rest_route=%2Fwp%2Fv2%2Fmedia&parent=2599"}],"curies":[{"name":"wp","href":"https:\/\/api.w.org\/{rel}","templated":true}]}}