{"id":2597,"date":"2025-04-13T18:09:33","date_gmt":"2025-04-13T18:09:33","guid":{"rendered":"https:\/\/majordomeauto.fr\/?page_id=2597"},"modified":"2025-05-06T09:33:44","modified_gmt":"2025-05-06T09:33:44","slug":"mentions-legales","status":"publish","type":"page","link":"https:\/\/majordomeauto.fr\/?page_id=2597","title":{"rendered":"Mentions l\u00e9gales"},"content":{"rendered":"<p># Mentions l\u00e9gales<\/p>\n<p>## 1. \u00c9diteur du site<\/p>\n<p>Ce site est \u00e9dit\u00e9 par :<br \/>\n**[Nom de l&rsquo;entreprise]**<br \/>\nForme juridique : [Ex: SARL, SAS, Auto-entreprise&#8230;]<br \/>\nAdresse du si\u00e8ge social : [Adresse compl\u00e8te]<br \/>\nNum\u00e9ro de SIRET : [SIRET]<br \/>\nNum\u00e9ro RCS : [Ville du registre du commerce]<\/p>\n<p>Email : [email@example.com]<br \/>\nT\u00e9l\u00e9phone : [facultatif]<\/p>\n<p>Responsable de la publication : [Nom du dirigeant ou repr\u00e9sentant l\u00e9gal]<\/p>\n<p>## 2. R\u00e9alisation du site<\/p>\n<p>Le site a \u00e9t\u00e9 r\u00e9alis\u00e9 gracieusement par une personne priv\u00e9e. https:\/\/louisrimbault.fr\/<br \/>\nLe design graphique a \u00e9t\u00e9 con\u00e7u par **[Nom du graphiste]**.<\/p>\n<p>Les photographies utilis\u00e9es sur le site ont \u00e9t\u00e9 r\u00e9alis\u00e9es par **Mael Leboux**.<\/p>\n<p>Aucune responsabilit\u00e9 ne peut \u00eatre imput\u00e9e au cr\u00e9ateur b\u00e9n\u00e9vole en cas d&rsquo;erreurs ou de dysfonctionnements du site.<\/p>\n<p>Pour toute demande concernant le site, merci de contacter l&rsquo;\u00e9diteur via l&#8217;email indiqu\u00e9 ci-dessus.<\/p>\n<p>## 3. H\u00e9bergeur du site<\/p>\n<p>Le site est h\u00e9berg\u00e9 par :<br \/>\n**Hostinger International Ltd**<br \/>\n61 Lordou Vironos Street, 6023 Larnaca, Chypre<br \/>\nSite web : [https:\/\/www.hostinger.fr](https:\/\/www.hostinger.fr)<\/p>\n<p>## 4. Propri\u00e9t\u00e9 intellectuelle<\/p>\n<p>L&rsquo;ensemble des contenus pr\u00e9sents sur le site (textes, images, graphismes, logo, etc.) est prot\u00e9g\u00e9 par les lois en vigueur sur la propri\u00e9t\u00e9 intellectuelle.<\/p>\n<p>Toute reproduction ou repr\u00e9sentation, totale ou partielle, sans autorisation \u00e9crite pr\u00e9alable est interdite.<\/p>\n<p>## 5. Responsabilit\u00e9<\/p>\n<p>L&rsquo;\u00e9diteur du site s&rsquo;efforce de fournir des informations pr\u00e9cises et mises \u00e0 jour.<br \/>\nCependant, il ne saurait \u00eatre tenu responsable d&rsquo;erreurs, d&rsquo;omissions ou de r\u00e9sultats obtenus par l&rsquo;usage de ces informations.<\/p>\n<p>L&rsquo;acc\u00e8s au site est r\u00e9alis\u00e9 sous l&rsquo;enti\u00e8re responsabilit\u00e9 de l&rsquo;utilisateur.<\/p>\n<p>## 6. Protection des donn\u00e9es personnelles<\/p>\n<p>Pour plus d&rsquo;informations concernant la collecte et le traitement de vos donn\u00e9es personnelles, veuillez consulter notre [Politique de confidentialit\u00e9](\/politique-de-confidentialite).<\/p>\n<p>## 7. Cookies<\/p>\n<p>Pour conna\u00eetre notre politique de gestion des cookies, veuillez consulter notre page d\u00e9di\u00e9e [Gestion des cookies](\/gestion-des-cookies).<\/p>\n<p>&#8212;<\/p>\n<p>**Derni\u00e8re mise \u00e0 jour : Avril 2025**<\/p>\n","protected":false},"excerpt":{"rendered":"<p># Mentions l\u00e9gales ## 1. \u00c9diteur du site Ce site est \u00e9dit\u00e9 par : **[Nom de l&rsquo;entreprise]** Forme juridique : [Ex: SARL, SAS, Auto-entreprise&#8230;] Adresse du si\u00e8ge social : [Adresse compl\u00e8te] Num\u00e9ro de SIRET : [SIRET] Num\u00e9ro RCS : [Ville du registre du commerce] Email : [email@example.com] T\u00e9l\u00e9phone : [facultatif] Responsable de la publication : [&hellip;]<\/p>\n","protected":false},"author":1,"featured_media":0,"parent":2123,"menu_order":0,"comment_status":"closed","ping_status":"closed","template":"mentions-legales.php","meta":{"_acf_changed":false,"footnotes":""},"class_list":["post-2597","page","type-page","status-publish","hentry"],"acf":[],"aioseo_notices":[],"_links":{"self":[{"href":"https:\/\/majordomeauto.fr\/index.php?rest_route=\/wp\/v2\/pages\/2597","targetHints":{"allow":["GET"]}}],"collection":[{"href":"https:\/\/majordomeauto.fr\/index.php?rest_route=\/wp\/v2\/pages"}],"about":[{"href":"https:\/\/majordomeauto.fr\/index.php?rest_route=\/wp\/v2\/types\/page"}],"author":[{"embeddable":true,"href":"https:\/\/majordomeauto.fr\/index.php?rest_route=\/wp\/v2\/users\/1"}],"replies":[{"embeddable":true,"href":"https:\/\/majordomeauto.fr\/index.php?rest_route=%2Fwp%2Fv2%2Fcomments&post=2597"}],"version-history":[{"count":4,"href":"https:\/\/majordomeauto.fr\/index.php?rest_route=\/wp\/v2\/pages\/2597\/revisions"}],"predecessor-version":[{"id":2786,"href":"https:\/\/majordomeauto.fr\/index.php?rest_route=\/wp\/v2\/pages\/2597\/revisions\/2786"}],"up":[{"embeddable":true,"href":"https:\/\/majordomeauto.fr\/index.php?rest_route=\/wp\/v2\/pages\/2123"}],"wp:attachment":[{"href":"https:\/\/majordomeauto.fr\/index.php?rest_route=%2Fwp%2Fv2%2Fmedia&parent=2597"}],"curies":[{"name":"wp","href":"https:\/\/api.w.org\/{rel}","templated":true}]}}