{"id":2595,"date":"2025-04-13T18:08:09","date_gmt":"2025-04-13T18:08:09","guid":{"rendered":"https:\/\/majordomeauto.fr\/?page_id=2595"},"modified":"2025-04-19T11:54:22","modified_gmt":"2025-04-19T11:54:22","slug":"gestions-des-cookies","status":"publish","type":"page","link":"https:\/\/majordomeauto.fr\/?page_id=2595","title":{"rendered":"Gestions des cookies"},"content":{"rendered":"<p># Gestion des cookies<\/p>\n<p>## 1. Qu\u2019est-ce qu\u2019un cookie ?<\/p>\n<p>Un cookie est un petit fichier texte d\u00e9pos\u00e9 sur votre ordinateur, votre tablette ou votre mobile lors de la visite d\u2019un site Internet. Les cookies sont largement utilis\u00e9s pour faire fonctionner les sites web, ou pour les faire fonctionner plus efficacement, ainsi que pour fournir des informations aux propri\u00e9taires du site.<\/p>\n<p>## 2. Pourquoi utilisons-nous des cookies ?<\/p>\n<p>Nous utilisons des cookies pour :<br \/>\n\u2013 Garantir le bon fonctionnement du site web.<br \/>\n\u2013 Analyser le trafic et mesurer l\u2019audience via Google Analytics (uniquement si vous l\u2019acceptez).<br \/>\n\u2013 Am\u00e9liorer votre exp\u00e9rience utilisateur.<\/p>\n<p>## 3. Types de cookies utilis\u00e9s<\/p>\n<p>### Cookies strictement n\u00e9cessaires<br \/>\nCes cookies sont essentiels pour que vous puissiez naviguer sur le site et utiliser ses fonctionnalit\u00e9s. Ils ne peuvent pas \u00eatre d\u00e9sactiv\u00e9s.<\/p>\n<p>### Cookies de mesure d\u2019audience (Google Analytics)<br \/>\nSous r\u00e9serve de votre consentement, nous utilisons des cookies pour collecter des informations anonymes sur la mani\u00e8re dont les visiteurs utilisent notre site. Cela nous aide \u00e0 am\u00e9liorer constamment votre exp\u00e9rience.<\/p>\n<p>**Important** : Votre adresse IP est anonymis\u00e9e avant d\u2019\u00eatre envoy\u00e9e \u00e0 Google.<\/p>\n<p>## 4. Comment g\u00e9rer vos pr\u00e9f\u00e9rences ?<\/p>\n<p>Lors de votre premi\u00e8re visite, un bandeau vous permet d\u2019accepter ou de refuser les cookies non essentiels.<br \/>\nVous pouvez modifier votre choix \u00e0 tout moment en cliquant sur le bouton \u00ab\u00a0G\u00e9rer mes cookies\u00a0\u00bb en bas de page.<\/p>\n<p>## 5. Dur\u00e9e de conservation des cookies<\/p>\n<p>Les cookies sont conserv\u00e9s pour une dur\u00e9e maximale de 13 mois \u00e0 compter de leur d\u00e9p\u00f4t sur votre appareil.<\/p>\n<p>## 6. Vos droits<\/p>\n<p>Conform\u00e9ment au R\u00e8glement G\u00e9n\u00e9ral sur la Protection des Donn\u00e9es (RGPD), vous disposez d\u2019un droit d\u2019acc\u00e8s, de rectification, d\u2019opposition et de suppression des donn\u00e9es vous concernant.<\/p>\n<p>Pour toute question relative \u00e0 vos donn\u00e9es personnelles ou pour exercer vos droits, vous pouvez nous contacter \u00e0 l\u2019adresse suivante :<br \/>\n**[email@example.com]** *(remplace avec ton email de contact RGPD)*<\/p>\n<p>\u2014<\/p>\n<p>**Derni\u00e8re mise \u00e0 jour : Avril 2025**<\/p>\n","protected":false},"excerpt":{"rendered":"<p># Gestion des cookies ## 1. Qu\u2019est-ce qu\u2019un cookie ? Un cookie est un petit fichier texte d\u00e9pos\u00e9 sur votre ordinateur, votre tablette ou votre mobile lors de la visite d\u2019un site Internet. Les cookies sont largement utilis\u00e9s pour faire fonctionner les sites web, ou pour les faire fonctionner plus efficacement, ainsi que pour fournir [&hellip;]<\/p>\n","protected":false},"author":1,"featured_media":0,"parent":2123,"menu_order":0,"comment_status":"closed","ping_status":"closed","template":"gestion-des-cookies.php","meta":{"_acf_changed":false,"footnotes":""},"class_list":["post-2595","page","type-page","status-publish","hentry"],"acf":[],"aioseo_notices":[],"_links":{"self":[{"href":"https:\/\/majordomeauto.fr\/index.php?rest_route=\/wp\/v2\/pages\/2595","targetHints":{"allow":["GET"]}}],"collection":[{"href":"https:\/\/majordomeauto.fr\/index.php?rest_route=\/wp\/v2\/pages"}],"about":[{"href":"https:\/\/majordomeauto.fr\/index.php?rest_route=\/wp\/v2\/types\/page"}],"author":[{"embeddable":true,"href":"https:\/\/majordomeauto.fr\/index.php?rest_route=\/wp\/v2\/users\/1"}],"replies":[{"embeddable":true,"href":"https:\/\/majordomeauto.fr\/index.php?rest_route=%2Fwp%2Fv2%2Fcomments&post=2595"}],"version-history":[{"count":3,"href":"https:\/\/majordomeauto.fr\/index.php?rest_route=\/wp\/v2\/pages\/2595\/revisions"}],"predecessor-version":[{"id":2699,"href":"https:\/\/majordomeauto.fr\/index.php?rest_route=\/wp\/v2\/pages\/2595\/revisions\/2699"}],"up":[{"embeddable":true,"href":"https:\/\/majordomeauto.fr\/index.php?rest_route=\/wp\/v2\/pages\/2123"}],"wp:attachment":[{"href":"https:\/\/majordomeauto.fr\/index.php?rest_route=%2Fwp%2Fv2%2Fmedia&parent=2595"}],"curies":[{"name":"wp","href":"https:\/\/api.w.org\/{rel}","templated":true}]}}