{"id":2590,"date":"2025-04-13T17:48:55","date_gmt":"2025-04-13T17:48:55","guid":{"rendered":"https:\/\/majordomeauto.fr\/?page_id=2590"},"modified":"2025-12-09T18:14:05","modified_gmt":"2025-12-09T18:14:05","slug":"realisations","status":"publish","type":"page","link":"https:\/\/majordomeauto.fr\/?page_id=2590","title":{"rendered":"Nos r\u00e9alisations | Conciergerie &#038; Detailing Automobile | Majordome Auto"},"content":{"rendered":"<p>D\u00e9couvrez les r\u00e9alisations et services haut de gamme de Majordome Auto : detailing, nettoyage vapeur, conciergerie et convoyage pour tous types de v\u00e9hicules.<\/p>\n","protected":false},"excerpt":{"rendered":"<p>D\u00e9couvrez les r\u00e9alisations et services haut de gamme de Majordome Auto : detailing, nettoyage vapeur, conciergerie et convoyage pour tous types de v\u00e9hicules.<\/p>\n","protected":false},"author":1,"featured_media":0,"parent":2123,"menu_order":0,"comment_status":"closed","ping_status":"closed","template":"page-realisations.php","meta":{"_acf_changed":false,"footnotes":""},"class_list":["post-2590","page","type-page","status-publish","hentry"],"acf":[],"aioseo_notices":[],"_links":{"self":[{"href":"https:\/\/majordomeauto.fr\/index.php?rest_route=\/wp\/v2\/pages\/2590","targetHints":{"allow":["GET"]}}],"collection":[{"href":"https:\/\/majordomeauto.fr\/index.php?rest_route=\/wp\/v2\/pages"}],"about":[{"href":"https:\/\/majordomeauto.fr\/index.php?rest_route=\/wp\/v2\/types\/page"}],"author":[{"embeddable":true,"href":"https:\/\/majordomeauto.fr\/index.php?rest_route=\/wp\/v2\/users\/1"}],"replies":[{"embeddable":true,"href":"https:\/\/majordomeauto.fr\/index.php?rest_route=%2Fwp%2Fv2%2Fcomments&post=2590"}],"version-history":[{"count":7,"href":"https:\/\/majordomeauto.fr\/index.php?rest_route=\/wp\/v2\/pages\/2590\/revisions"}],"predecessor-version":[{"id":2834,"href":"https:\/\/majordomeauto.fr\/index.php?rest_route=\/wp\/v2\/pages\/2590\/revisions\/2834"}],"up":[{"embeddable":true,"href":"https:\/\/majordomeauto.fr\/index.php?rest_route=\/wp\/v2\/pages\/2123"}],"wp:attachment":[{"href":"https:\/\/majordomeauto.fr\/index.php?rest_route=%2Fwp%2Fv2%2Fmedia&parent=2590"}],"curies":[{"name":"wp","href":"https:\/\/api.w.org\/{rel}","templated":true}]}}